{"id":2,"date":"2025-01-27T16:18:46","date_gmt":"2025-01-27T15:18:46","guid":{"rendered":"http:\/\/lessaveursdezohra.fr\/?page_id=2"},"modified":"2026-02-03T00:04:52","modified_gmt":"2026-02-02T23:04:52","slug":"page-d-exemple","status":"publish","type":"page","link":"https:\/\/lessaveursdezohra.fr\/?page_id=2","title":{"rendered":"Page d\u2019exemple"},"content":{"rendered":"\t\t<div data-elementor-type=\"wp-page\" data-elementor-id=\"2\" class=\"elementor elementor-2\">\n\t\t\t\t<div class=\"elementor-element elementor-element-0afe3e5 e-flex e-con-boxed e-con e-parent\" data-id=\"0afe3e5\" data-element_type=\"container\">\n\t\t\t\t\t<div class=\"e-con-inner\">\n\t\t\t\t<div class=\"elementor-element elementor-element-8bfad9e elementor-widget elementor-widget-spacer\" data-id=\"8bfad9e\" data-element_type=\"widget\" data-widget_type=\"spacer.default\">\n\t\t\t\t<div class=\"elementor-widget-container\">\n\t\t\t\t\t\t\t<div class=\"elementor-spacer\">\n\t\t\t<div class=\"elementor-spacer-inner\"><\/div>\n\t\t<\/div>\n\t\t\t\t\t\t<\/div>\n\t\t\t\t<\/div>\n\t\t\t\t\t<\/div>\n\t\t\t\t<\/div>\n\t\t<div class=\"elementor-element elementor-element-7f3c276 e-flex e-con-boxed e-con e-parent\" data-id=\"7f3c276\" data-element_type=\"container\" data-settings=\"{&quot;shape_divider_top&quot;:&quot;mountains&quot;,&quot;shape_divider_bottom&quot;:&quot;mountains&quot;}\">\n\t\t\t\t\t<div class=\"e-con-inner\">\n\t\t\t\t<div class=\"elementor-shape elementor-shape-top\" data-negative=\"false\">\n\t\t\t<svg xmlns=\"http:\/\/www.w3.org\/2000\/svg\" viewBox=\"0 0 1000 100\" preserveAspectRatio=\"none\">\n\t<path class=\"elementor-shape-fill\" opacity=\"0.33\" d=\"M473,67.3c-203.9,88.3-263.1-34-320.3,0C66,119.1,0,59.7,0,59.7V0h1000v59.7 c0,0-62.1,26.1-94.9,29.3c-32.8,3.3-62.8-12.3-75.8-22.1C806,49.6,745.3,8.7,694.9,4.7S492.4,59,473,67.3z\"\/>\n\t<path class=\"elementor-shape-fill\" opacity=\"0.66\" d=\"M734,67.3c-45.5,0-77.2-23.2-129.1-39.1c-28.6-8.7-150.3-10.1-254,39.1 s-91.7-34.4-149.2,0C115.7,118.3,0,39.8,0,39.8V0h1000v36.5c0,0-28.2-18.5-92.1-18.5C810.2,18.1,775.7,67.3,734,67.3z\"\/>\n\t<path class=\"elementor-shape-fill\" d=\"M766.1,28.9c-200-57.5-266,65.5-395.1,19.5C242,1.8,242,5.4,184.8,20.6C128,35.8,132.3,44.9,89.9,52.5C28.6,63.7,0,0,0,0 h1000c0,0-9.9,40.9-83.6,48.1S829.6,47,766.1,28.9z\"\/>\n<\/svg>\t\t<\/div>\n\t\t\t\t<div class=\"elementor-shape elementor-shape-bottom\" data-negative=\"false\">\n\t\t\t<svg xmlns=\"http:\/\/www.w3.org\/2000\/svg\" viewBox=\"0 0 1000 100\" preserveAspectRatio=\"none\">\n\t<path class=\"elementor-shape-fill\" opacity=\"0.33\" d=\"M473,67.3c-203.9,88.3-263.1-34-320.3,0C66,119.1,0,59.7,0,59.7V0h1000v59.7 c0,0-62.1,26.1-94.9,29.3c-32.8,3.3-62.8-12.3-75.8-22.1C806,49.6,745.3,8.7,694.9,4.7S492.4,59,473,67.3z\"\/>\n\t<path class=\"elementor-shape-fill\" opacity=\"0.66\" d=\"M734,67.3c-45.5,0-77.2-23.2-129.1-39.1c-28.6-8.7-150.3-10.1-254,39.1 s-91.7-34.4-149.2,0C115.7,118.3,0,39.8,0,39.8V0h1000v36.5c0,0-28.2-18.5-92.1-18.5C810.2,18.1,775.7,67.3,734,67.3z\"\/>\n\t<path class=\"elementor-shape-fill\" d=\"M766.1,28.9c-200-57.5-266,65.5-395.1,19.5C242,1.8,242,5.4,184.8,20.6C128,35.8,132.3,44.9,89.9,52.5C28.6,63.7,0,0,0,0 h1000c0,0-9.9,40.9-83.6,48.1S829.6,47,766.1,28.9z\"\/>\n<\/svg>\t\t<\/div>\n\t\t<div class=\"elementor-element elementor-element-37c35b3 e-con-full e-flex e-con e-child\" data-id=\"37c35b3\" data-element_type=\"container\" data-settings=\"{&quot;background_background&quot;:&quot;classic&quot;}\">\n\t\t\t\t<div class=\"elementor-element elementor-element-a3ccda9 elementor-widget__width-inherit elementor-widget elementor-widget-wpforms\" data-id=\"a3ccda9\" data-element_type=\"widget\" data-widget_type=\"wpforms.default\">\n\t\t\t\t<div class=\"elementor-widget-container\">\n\t\t\t\t\t<style id=\"wpforms-css-vars-elementor-widget-a3ccda9\">\n\t\t\t\t.elementor-widget-wpforms.elementor-element-a3ccda9 {\n\t\t\t\t--wpforms-field-border-size: 4px;\n--wpforms-field-border-radius: 23px;\n--wpforms-field-background-color: #F5ECEC;\n--wpforms-field-border-color: #cccccc;\n--wpforms-field-border-color-spare: #cccccc;\n--wpforms-field-text-color: #444444;\n--wpforms-label-color: #FFFFFF;\n--wpforms-label-sublabel-color: #3A3636;\n--wpforms-label-error-color: #ff0000;\n--wpforms-button-border-style: dashed;\n--wpforms-button-border-radius: 31px;\n--wpforms-button-background-color: #dddddd;\n--wpforms-button-border-color: #EE0101;\n--wpforms-button-text-color: #B30101;\n--wpforms-page-break-color: #E7E0E0;\n--wpforms-label-size-font-size: 14px;\n--wpforms-label-size-line-height: 17px;\n--wpforms-label-size-sublabel-font-size: 13px;\n--wpforms-label-size-sublabel-line-height: 16px;\n--wpforms-button-size-font-size: 20px;\n--wpforms-button-size-height: 48px;\n--wpforms-button-size-padding-h: 20px;\n--wpforms-button-size-margin-top: 15px;\n\t\t\t}\n\t\t\t<\/style><div class=\"wpforms-container wpforms-container-full wpforms-render-modern\" id=\"wpforms-417\"><form id=\"wpforms-form-417\" class=\"wpforms-validate wpforms-form wpforms-ajax-form\" data-formid=\"417\" method=\"post\" enctype=\"multipart\/form-data\" action=\"\/index.php?rest_route=%2Fwp%2Fv2%2Fpages%2F2\" data-token=\"37afe26c72ecac5b3ce21c8d8f692565\" data-token-time=\"1778235088\"><noscript class=\"wpforms-error-noscript\">Veuillez activer JavaScript dans votre navigateur pour remplir ce formulaire.<\/noscript><div id=\"wpforms-error-noscript\" style=\"display: none;\">Veuillez activer JavaScript dans votre navigateur pour remplir ce formulaire.<\/div><div class=\"wpforms-field-container\"><div id=\"wpforms-417-field_1-container\" class=\"wpforms-field wpforms-field-name\" data-field-id=\"1\"><fieldset><legend class=\"wpforms-field-label\">Nom <span class=\"wpforms-required-label\" aria-hidden=\"true\">*<\/span><\/legend><div class=\"wpforms-field-row wpforms-field-medium\"><div class=\"wpforms-field-row-block wpforms-first wpforms-one-half\"><input type=\"text\" id=\"wpforms-417-field_1\" class=\"wpforms-field-name-first wpforms-field-required\" name=\"wpforms[fields][1][first]\" aria-errormessage=\"wpforms-417-field_1-error\" required><label for=\"wpforms-417-field_1\" class=\"wpforms-field-sublabel after\">Pr\u00e9nom<\/label><\/div><div class=\"wpforms-field-row-block wpforms-one-half\"><input type=\"text\" id=\"wpforms-417-field_1-last\" class=\"wpforms-field-name-last wpforms-field-required\" name=\"wpforms[fields][1][last]\" aria-errormessage=\"wpforms-417-field_1-last-error\" required><label for=\"wpforms-417-field_1-last\" class=\"wpforms-field-sublabel after\">Nom<\/label><\/div><\/div><\/fieldset><\/div><div id=\"wpforms-417-field_4-container\" class=\"wpforms-field wpforms-field-text\" data-field-id=\"4\"><label class=\"wpforms-field-label\" for=\"wpforms-417-field_4\">T\u00e9l<\/label><input type=\"text\" id=\"wpforms-417-field_4\" class=\"wpforms-field-medium\" name=\"wpforms[fields][4]\" aria-errormessage=\"wpforms-417-field_4-error\" ><\/div><div id=\"wpforms-417-field_2-container\" class=\"wpforms-field wpforms-field-email\" data-field-id=\"2\"><label class=\"wpforms-field-label\" for=\"wpforms-417-field_2\">E-mail <span class=\"wpforms-required-label\" aria-hidden=\"true\">*<\/span><\/label><input type=\"email\" id=\"wpforms-417-field_2\" class=\"wpforms-field-medium wpforms-field-required\" name=\"wpforms[fields][2]\" spellcheck=\"false\" aria-errormessage=\"wpforms-417-field_2-error\" required><\/div><div id=\"wpforms-417-field_6-container\" class=\"wpforms-field wpforms-field-radio wpforms-list-2-columns\" data-field-id=\"6\"><fieldset><legend class=\"wpforms-field-label\">Vous \u00eates :<\/legend><ul id=\"wpforms-417-field_6\"><li class=\"choice-1 depth-1\"><input type=\"radio\" id=\"wpforms-417-field_6_1\" name=\"wpforms[fields][6]\" value=\"Particulier\" aria-errormessage=\"wpforms-417-field_6_1-error\"  ><label class=\"wpforms-field-label-inline\" for=\"wpforms-417-field_6_1\">Particulier<\/label><\/li><li class=\"choice-2 depth-1\"><input type=\"radio\" id=\"wpforms-417-field_6_2\" name=\"wpforms[fields][6]\" value=\"Professionnel\" aria-errormessage=\"wpforms-417-field_6_2-error\"  ><label class=\"wpforms-field-label-inline\" for=\"wpforms-417-field_6_2\">Professionnel<\/label><\/li><\/ul><\/fieldset><\/div><div id=\"wpforms-417-field_5-container\" class=\"wpforms-field wpforms-field-select wpforms-field-select-style-classic\" data-field-id=\"5\"><label class=\"wpforms-field-label\" for=\"wpforms-417-field_5\">Votre \u00e9v\u00e9nement<\/label><select id=\"wpforms-417-field_5\" class=\"wpforms-field-medium\" name=\"wpforms[fields][5]\"><option value=\"Mariage\"  class=\"choice-1 depth-1\"  >Mariage<\/option><option value=\"Repas de famille ou amis\"  class=\"choice-2 depth-1\"  >Repas de famille ou amis<\/option><option value=\"Occasion familiale\"  class=\"choice-3 depth-1\"  >Occasion familiale<\/option><option value=\"D\u00e9couvrir notre cuisine\"  class=\"choice-4 depth-1\"  >D\u00e9couvrir notre cuisine<\/option><\/select><\/div>\t\t<div id=\"wpforms-417-field_7-container\"\n\t\t\tclass=\"wpforms-field wpforms-field-text\"\n\t\t\tdata-field-type=\"text\"\n\t\t\tdata-field-id=\"7\"\n\t\t\t>\n\t\t\t<label class=\"wpforms-field-label\" for=\"wpforms-417-field_7\" >\u00eates T\u00e9l Votre<\/label>\n\t\t\t<input type=\"text\" id=\"wpforms-417-field_7\" class=\"wpforms-field-medium\" name=\"wpforms[fields][7]\" >\n\t\t<\/div>\n\t\t<div id=\"wpforms-417-field_3-container\" class=\"wpforms-field wpforms-field-textarea\" data-field-id=\"3\"><label class=\"wpforms-field-label\" for=\"wpforms-417-field_3\">Votre message<\/label><textarea id=\"wpforms-417-field_3\" class=\"wpforms-field-medium\" name=\"wpforms[fields][3]\" aria-errormessage=\"wpforms-417-field_3-error\" ><\/textarea><\/div><script>\n\t\t\t\t( function() {\n\t\t\t\t\tconst style = document.createElement( 'style' );\n\t\t\t\t\tstyle.appendChild( document.createTextNode( '#wpforms-417-field_7-container { position: absolute !important; overflow: hidden !important; display: inline !important; height: 1px !important; width: 1px !important; z-index: -1000 !important; padding: 0 !important; } #wpforms-417-field_7-container input { visibility: hidden; } #wpforms-conversational-form-page #wpforms-417-field_7-container label { counter-increment: none; }' ) );\n\t\t\t\t\tdocument.head.appendChild( style );\n\t\t\t\t\tdocument.currentScript?.remove();\n\t\t\t\t} )();\n\t\t\t<\/script><\/div><!-- .wpforms-field-container --><div class=\"wpforms-submit-container\" ><input type=\"hidden\" name=\"wpforms[id]\" value=\"417\"><input type=\"hidden\" name=\"page_title\" value=\"\"><input type=\"hidden\" name=\"page_url\" value=\"https:\/\/lessaveursdezohra.fr\/index.php?rest_route=\/wp\/v2\/pages\/2\"><input type=\"hidden\" name=\"url_referer\" value=\"\"><button type=\"submit\" name=\"wpforms[submit]\" id=\"wpforms-submit-417\" class=\"wpforms-submit\" data-alt-text=\"Envoi...\" data-submit-text=\"Envoyer\" aria-live=\"assertive\" value=\"wpforms-submit\">Envoyer<\/button><img decoding=\"async\" src=\"https:\/\/lessaveursdezohra.fr\/wp-content\/plugins\/wpforms-lite\/assets\/images\/submit-spin.svg\" class=\"wpforms-submit-spinner\" style=\"display: none;\" width=\"26\" height=\"26\" alt=\"Chargement en cours\"><\/div><\/form><\/div>  <!-- .wpforms-container -->\t\t\t\t<\/div>\n\t\t\t\t<\/div>\n\t\t\t\t<\/div>\n\t\t\t\t\t<\/div>\n\t\t\t\t<\/div>\n\t\t<div class=\"elementor-element elementor-element-328a7fd e-flex e-con-boxed e-con e-parent\" data-id=\"328a7fd\" data-element_type=\"container\">\n\t\t\t\t\t<div class=\"e-con-inner\">\n\t\t<div class=\"elementor-element elementor-element-cce64fd e-con-full e-flex e-con e-child\" data-id=\"cce64fd\" data-element_type=\"container\" data-settings=\"{&quot;background_background&quot;:&quot;classic&quot;}\">\n\t\t\t\t<\/div>\n\t\t\t\t<div class=\"elementor-element elementor-element-6bd5f80 elementor-widget elementor-widget-progress\" data-id=\"6bd5f80\" data-element_type=\"widget\" data-widget_type=\"progress.default\">\n\t\t\t\t<div class=\"elementor-widget-container\">\n\t\t\t\t\t\n\t\t<div class=\"elementor-progress-wrapper\" role=\"progressbar\" aria-valuemin=\"0\" aria-valuemax=\"100\" aria-valuenow=\"100\" aria-valuetext=\"100% (Des recettes d\u2019h\u00e9ritage, des saveurs de partage\u200b)\">\n\t\t\t<div class=\"elementor-progress-bar\" data-max=\"100\">\n\t\t\t\t<span class=\"elementor-progress-text\">Des recettes d\u2019h\u00e9ritage, des saveurs de partage\u200b<\/span>\n\t\t\t\t\t\t\t\t\t<span class=\"elementor-progress-percentage\">100%<\/span>\n\t\t\t\t\t\t\t<\/div>\n\t\t<\/div>\n\t\t\t\t\t\t<\/div>\n\t\t\t\t<\/div>\n\t\t\t\t\t<\/div>\n\t\t\t\t<\/div>\n\t\t<div class=\"elementor-element elementor-element-cb67bdf e-flex e-con-boxed e-con e-parent\" data-id=\"cb67bdf\" data-element_type=\"container\">\n\t\t\t\t\t<div class=\"e-con-inner\">\n\t\t\t\t\t<\/div>\n\t\t\t\t<\/div>\n\t\t\t\t<\/div>\n\t\t","protected":false},"excerpt":{"rendered":"<p>Veuillez activer JavaScript dans votre navigateur pour remplir ce formulaire.Veuillez activer JavaScript dans votre navigateur pour remplir ce formulaire. Nom * Pr\u00e9nomNom T\u00e9lE-mail * Vous \u00eates : Particulier Professionnel Votre \u00e9v\u00e9nementMariageRepas de famille ou amisOccasion familialeD\u00e9couvrir notre cuisineVotre message Envoyer Des recettes d\u2019h\u00e9ritage, des saveurs de partage\u200b 100%<\/p>\n","protected":false},"author":1,"featured_media":0,"parent":0,"menu_order":0,"comment_status":"closed","ping_status":"open","template":"","meta":{"footnotes":""},"class_list":["post-2","page","type-page","status-publish","hentry"],"yoast_head":"<!-- This site is optimized with the Yoast SEO plugin v24.9 - https:\/\/yoast.com\/wordpress\/plugins\/seo\/ -->\n<title>Page d\u2019exemple - LES SAVEURS DE ZOHRA<\/title>\n<meta name=\"robots\" content=\"index, follow, max-snippet:-1, max-image-preview:large, max-video-preview:-1\" \/>\n<link rel=\"canonical\" href=\"https:\/\/lessaveursdezohra.fr\/?page_id=2\" \/>\n<meta property=\"og:locale\" content=\"fr_FR\" \/>\n<meta property=\"og:type\" content=\"article\" \/>\n<meta property=\"og:title\" content=\"Page d\u2019exemple - LES SAVEURS DE ZOHRA\" \/>\n<meta property=\"og:description\" content=\"Veuillez activer JavaScript dans votre navigateur pour remplir ce formulaire.Veuillez activer JavaScript dans votre navigateur pour remplir ce formulaire. Nom * Pr\u00e9nomNom T\u00e9lE-mail * Vous \u00eates : Particulier Professionnel Votre \u00e9v\u00e9nementMariageRepas de famille ou amisOccasion familialeD\u00e9couvrir notre cuisineVotre message Envoyer Des recettes d\u2019h\u00e9ritage, des saveurs de partage\u200b 100%\" \/>\n<meta property=\"og:url\" content=\"https:\/\/lessaveursdezohra.fr\/?page_id=2\" \/>\n<meta property=\"og:site_name\" content=\"LES SAVEURS DE ZOHRA\" \/>\n<meta property=\"article:modified_time\" content=\"2026-02-02T23:04:52+00:00\" \/>\n<meta property=\"og:image\" content=\"https:\/\/lessaveursdezohra.fr\/wp-content\/plugins\/wpforms-lite\/assets\/images\/submit-spin.svg\" \/>\n<meta name=\"twitter:card\" content=\"summary_large_image\" \/>\n<script type=\"application\/ld+json\" class=\"yoast-schema-graph\">{\"@context\":\"https:\/\/schema.org\",\"@graph\":[{\"@type\":\"WebPage\",\"@id\":\"https:\/\/lessaveursdezohra.fr\/?page_id=2\",\"url\":\"https:\/\/lessaveursdezohra.fr\/?page_id=2\",\"name\":\"Page d\u2019exemple - LES SAVEURS DE ZOHRA\",\"isPartOf\":{\"@id\":\"https:\/\/lessaveursdezohra.fr\/#website\"},\"primaryImageOfPage\":{\"@id\":\"https:\/\/lessaveursdezohra.fr\/?page_id=2#primaryimage\"},\"image\":{\"@id\":\"https:\/\/lessaveursdezohra.fr\/?page_id=2#primaryimage\"},\"thumbnailUrl\":\"https:\/\/lessaveursdezohra.fr\/wp-content\/plugins\/wpforms-lite\/assets\/images\/submit-spin.svg\",\"datePublished\":\"2025-01-27T15:18:46+00:00\",\"dateModified\":\"2026-02-02T23:04:52+00:00\",\"breadcrumb\":{\"@id\":\"https:\/\/lessaveursdezohra.fr\/?page_id=2#breadcrumb\"},\"inLanguage\":\"fr-FR\",\"potentialAction\":[{\"@type\":\"ReadAction\",\"target\":[\"https:\/\/lessaveursdezohra.fr\/?page_id=2\"]}]},{\"@type\":\"ImageObject\",\"inLanguage\":\"fr-FR\",\"@id\":\"https:\/\/lessaveursdezohra.fr\/?page_id=2#primaryimage\",\"url\":\"https:\/\/lessaveursdezohra.fr\/wp-content\/plugins\/wpforms-lite\/assets\/images\/submit-spin.svg\",\"contentUrl\":\"https:\/\/lessaveursdezohra.fr\/wp-content\/plugins\/wpforms-lite\/assets\/images\/submit-spin.svg\"},{\"@type\":\"BreadcrumbList\",\"@id\":\"https:\/\/lessaveursdezohra.fr\/?page_id=2#breadcrumb\",\"itemListElement\":[{\"@type\":\"ListItem\",\"position\":1,\"name\":\"Accueil\",\"item\":\"https:\/\/lessaveursdezohra.fr\/\"},{\"@type\":\"ListItem\",\"position\":2,\"name\":\"Page d\u2019exemple\"}]},{\"@type\":\"WebSite\",\"@id\":\"https:\/\/lessaveursdezohra.fr\/#website\",\"url\":\"https:\/\/lessaveursdezohra.fr\/\",\"name\":\"LES SAVEURS DE ZOHRA\",\"description\":\"\",\"publisher\":{\"@id\":\"https:\/\/lessaveursdezohra.fr\/#organization\"},\"potentialAction\":[{\"@type\":\"SearchAction\",\"target\":{\"@type\":\"EntryPoint\",\"urlTemplate\":\"https:\/\/lessaveursdezohra.fr\/?s={search_term_string}\"},\"query-input\":{\"@type\":\"PropertyValueSpecification\",\"valueRequired\":true,\"valueName\":\"search_term_string\"}}],\"inLanguage\":\"fr-FR\"},{\"@type\":\"Organization\",\"@id\":\"https:\/\/lessaveursdezohra.fr\/#organization\",\"name\":\"LES SAVEURS DE ZOHRA\",\"url\":\"https:\/\/lessaveursdezohra.fr\/\",\"logo\":{\"@type\":\"ImageObject\",\"inLanguage\":\"fr-FR\",\"@id\":\"https:\/\/lessaveursdezohra.fr\/#\/schema\/logo\/image\/\",\"url\":\"https:\/\/lessaveursdezohra.fr\/wp-content\/uploads\/2026\/02\/cropped-cropped-cropped-L-1.png\",\"contentUrl\":\"https:\/\/lessaveursdezohra.fr\/wp-content\/uploads\/2026\/02\/cropped-cropped-cropped-L-1.png\",\"width\":512,\"height\":512,\"caption\":\"LES SAVEURS DE ZOHRA\"},\"image\":{\"@id\":\"https:\/\/lessaveursdezohra.fr\/#\/schema\/logo\/image\/\"}}]}<\/script>\n<!-- \/ Yoast SEO plugin. -->","yoast_head_json":{"title":"Page d\u2019exemple - LES SAVEURS DE ZOHRA","robots":{"index":"index","follow":"follow","max-snippet":"max-snippet:-1","max-image-preview":"max-image-preview:large","max-video-preview":"max-video-preview:-1"},"canonical":"https:\/\/lessaveursdezohra.fr\/?page_id=2","og_locale":"fr_FR","og_type":"article","og_title":"Page d\u2019exemple - LES SAVEURS DE ZOHRA","og_description":"Veuillez activer JavaScript dans votre navigateur pour remplir ce formulaire.Veuillez activer JavaScript dans votre navigateur pour remplir ce formulaire. Nom * Pr\u00e9nomNom T\u00e9lE-mail * Vous \u00eates : Particulier Professionnel Votre \u00e9v\u00e9nementMariageRepas de famille ou amisOccasion familialeD\u00e9couvrir notre cuisineVotre message Envoyer Des recettes d\u2019h\u00e9ritage, des saveurs de partage\u200b 100%","og_url":"https:\/\/lessaveursdezohra.fr\/?page_id=2","og_site_name":"LES SAVEURS DE ZOHRA","article_modified_time":"2026-02-02T23:04:52+00:00","og_image":[{"url":"https:\/\/lessaveursdezohra.fr\/wp-content\/plugins\/wpforms-lite\/assets\/images\/submit-spin.svg","type":"","width":"","height":""}],"twitter_card":"summary_large_image","schema":{"@context":"https:\/\/schema.org","@graph":[{"@type":"WebPage","@id":"https:\/\/lessaveursdezohra.fr\/?page_id=2","url":"https:\/\/lessaveursdezohra.fr\/?page_id=2","name":"Page d\u2019exemple - LES SAVEURS DE ZOHRA","isPartOf":{"@id":"https:\/\/lessaveursdezohra.fr\/#website"},"primaryImageOfPage":{"@id":"https:\/\/lessaveursdezohra.fr\/?page_id=2#primaryimage"},"image":{"@id":"https:\/\/lessaveursdezohra.fr\/?page_id=2#primaryimage"},"thumbnailUrl":"https:\/\/lessaveursdezohra.fr\/wp-content\/plugins\/wpforms-lite\/assets\/images\/submit-spin.svg","datePublished":"2025-01-27T15:18:46+00:00","dateModified":"2026-02-02T23:04:52+00:00","breadcrumb":{"@id":"https:\/\/lessaveursdezohra.fr\/?page_id=2#breadcrumb"},"inLanguage":"fr-FR","potentialAction":[{"@type":"ReadAction","target":["https:\/\/lessaveursdezohra.fr\/?page_id=2"]}]},{"@type":"ImageObject","inLanguage":"fr-FR","@id":"https:\/\/lessaveursdezohra.fr\/?page_id=2#primaryimage","url":"https:\/\/lessaveursdezohra.fr\/wp-content\/plugins\/wpforms-lite\/assets\/images\/submit-spin.svg","contentUrl":"https:\/\/lessaveursdezohra.fr\/wp-content\/plugins\/wpforms-lite\/assets\/images\/submit-spin.svg"},{"@type":"BreadcrumbList","@id":"https:\/\/lessaveursdezohra.fr\/?page_id=2#breadcrumb","itemListElement":[{"@type":"ListItem","position":1,"name":"Accueil","item":"https:\/\/lessaveursdezohra.fr\/"},{"@type":"ListItem","position":2,"name":"Page d\u2019exemple"}]},{"@type":"WebSite","@id":"https:\/\/lessaveursdezohra.fr\/#website","url":"https:\/\/lessaveursdezohra.fr\/","name":"LES SAVEURS DE ZOHRA","description":"","publisher":{"@id":"https:\/\/lessaveursdezohra.fr\/#organization"},"potentialAction":[{"@type":"SearchAction","target":{"@type":"EntryPoint","urlTemplate":"https:\/\/lessaveursdezohra.fr\/?s={search_term_string}"},"query-input":{"@type":"PropertyValueSpecification","valueRequired":true,"valueName":"search_term_string"}}],"inLanguage":"fr-FR"},{"@type":"Organization","@id":"https:\/\/lessaveursdezohra.fr\/#organization","name":"LES SAVEURS DE ZOHRA","url":"https:\/\/lessaveursdezohra.fr\/","logo":{"@type":"ImageObject","inLanguage":"fr-FR","@id":"https:\/\/lessaveursdezohra.fr\/#\/schema\/logo\/image\/","url":"https:\/\/lessaveursdezohra.fr\/wp-content\/uploads\/2026\/02\/cropped-cropped-cropped-L-1.png","contentUrl":"https:\/\/lessaveursdezohra.fr\/wp-content\/uploads\/2026\/02\/cropped-cropped-cropped-L-1.png","width":512,"height":512,"caption":"LES SAVEURS DE ZOHRA"},"image":{"@id":"https:\/\/lessaveursdezohra.fr\/#\/schema\/logo\/image\/"}}]}},"_links":{"self":[{"href":"https:\/\/lessaveursdezohra.fr\/index.php?rest_route=\/wp\/v2\/pages\/2","targetHints":{"allow":["GET"]}}],"collection":[{"href":"https:\/\/lessaveursdezohra.fr\/index.php?rest_route=\/wp\/v2\/pages"}],"about":[{"href":"https:\/\/lessaveursdezohra.fr\/index.php?rest_route=\/wp\/v2\/types\/page"}],"author":[{"embeddable":true,"href":"https:\/\/lessaveursdezohra.fr\/index.php?rest_route=\/wp\/v2\/users\/1"}],"replies":[{"embeddable":true,"href":"https:\/\/lessaveursdezohra.fr\/index.php?rest_route=%2Fwp%2Fv2%2Fcomments&post=2"}],"version-history":[{"count":42,"href":"https:\/\/lessaveursdezohra.fr\/index.php?rest_route=\/wp\/v2\/pages\/2\/revisions"}],"predecessor-version":[{"id":767,"href":"https:\/\/lessaveursdezohra.fr\/index.php?rest_route=\/wp\/v2\/pages\/2\/revisions\/767"}],"wp:attachment":[{"href":"https:\/\/lessaveursdezohra.fr\/index.php?rest_route=%2Fwp%2Fv2%2Fmedia&parent=2"}],"curies":[{"name":"wp","href":"https:\/\/api.w.org\/{rel}","templated":true}]}}