{"id":46,"date":"2025-05-14T00:14:51","date_gmt":"2025-05-13T22:14:51","guid":{"rendered":"https:\/\/lessaveursdezohra.fr\/?page_id=46"},"modified":"2026-02-04T09:34:00","modified_gmt":"2026-02-04T08:34:00","slug":"qui-sommes-nous","status":"publish","type":"page","link":"https:\/\/lessaveursdezohra.fr\/?page_id=46","title":{"rendered":"Qui sommes nous"},"content":{"rendered":"\t\t<div data-elementor-type=\"wp-page\" data-elementor-id=\"46\" class=\"elementor elementor-46\">\n\t\t\t\t<div class=\"elementor-element elementor-element-9b2100b e-flex e-con-boxed e-con e-parent\" data-id=\"9b2100b\" data-element_type=\"container\" data-settings=\"{&quot;background_background&quot;:&quot;slideshow&quot;,&quot;background_slideshow_gallery&quot;:[{&quot;id&quot;:809,&quot;url&quot;:&quot;https:\\\/\\\/lessaveursdezohra.fr\\\/wp-content\\\/uploads\\\/2026\\\/02\\\/ChatGPT-Image-4-fevr.-2026-a-09_30_34.png&quot;},{&quot;id&quot;:121,&quot;url&quot;:&quot;https:\\\/\\\/lessaveursdezohra.fr\\\/wp-content\\\/uploads\\\/2025\\\/07\\\/20241223_233811-scaled.jpg&quot;},{&quot;id&quot;:105,&quot;url&quot;:&quot;https:\\\/\\\/lessaveursdezohra.fr\\\/wp-content\\\/uploads\\\/2025\\\/07\\\/1-scaled.jpeg&quot;},{&quot;id&quot;:38,&quot;url&quot;:&quot;https:\\\/\\\/lessaveursdezohra.fr\\\/wp-content\\\/uploads\\\/2025\\\/05\\\/PHOTO-2025-05-07-00-11-33_2.jpg&quot;},{&quot;id&quot;:26,&quot;url&quot;:&quot;https:\\\/\\\/lessaveursdezohra.fr\\\/wp-content\\\/uploads\\\/2025\\\/04\\\/1000047676_4803fc83d7567a95346675690dc2b777-11_03_2024-12_17_22.jpg&quot;},{&quot;id&quot;:96,&quot;url&quot;:&quot;https:\\\/\\\/lessaveursdezohra.fr\\\/wp-content\\\/uploads\\\/2025\\\/07\\\/PHOTO-2025-05-07-00-11-33_1.jpg&quot;},{&quot;id&quot;:377,&quot;url&quot;:&quot;https:\\\/\\\/lessaveursdezohra.fr\\\/wp-content\\\/uploads\\\/2025\\\/09\\\/CAM12329-1000x1250-1.jpg&quot;},{&quot;id&quot;:633,&quot;url&quot;:&quot;https:\\\/\\\/lessaveursdezohra.fr\\\/wp-content\\\/uploads\\\/2026\\\/01\\\/1000068997.jpg&quot;},{&quot;id&quot;:630,&quot;url&quot;:&quot;https:\\\/\\\/lessaveursdezohra.fr\\\/wp-content\\\/uploads\\\/2026\\\/01\\\/1000068994-1.jpg&quot;}],&quot;background_slideshow_slide_transition&quot;:&quot;slide_up&quot;,&quot;background_slideshow_transition_duration&quot;:498,&quot;shape_divider_bottom&quot;:&quot;mountains&quot;,&quot;background_slideshow_loop&quot;:&quot;yes&quot;,&quot;background_slideshow_slide_duration&quot;:5000}\">\n\t\t\t\t\t<div class=\"e-con-inner\">\n\t\t\t\t<div class=\"elementor-shape elementor-shape-bottom\" data-negative=\"false\">\n\t\t\t<svg xmlns=\"http:\/\/www.w3.org\/2000\/svg\" viewBox=\"0 0 1000 100\" preserveAspectRatio=\"none\">\n\t<path class=\"elementor-shape-fill\" opacity=\"0.33\" d=\"M473,67.3c-203.9,88.3-263.1-34-320.3,0C66,119.1,0,59.7,0,59.7V0h1000v59.7 c0,0-62.1,26.1-94.9,29.3c-32.8,3.3-62.8-12.3-75.8-22.1C806,49.6,745.3,8.7,694.9,4.7S492.4,59,473,67.3z\"\/>\n\t<path class=\"elementor-shape-fill\" opacity=\"0.66\" d=\"M734,67.3c-45.5,0-77.2-23.2-129.1-39.1c-28.6-8.7-150.3-10.1-254,39.1 s-91.7-34.4-149.2,0C115.7,118.3,0,39.8,0,39.8V0h1000v36.5c0,0-28.2-18.5-92.1-18.5C810.2,18.1,775.7,67.3,734,67.3z\"\/>\n\t<path class=\"elementor-shape-fill\" d=\"M766.1,28.9c-200-57.5-266,65.5-395.1,19.5C242,1.8,242,5.4,184.8,20.6C128,35.8,132.3,44.9,89.9,52.5C28.6,63.7,0,0,0,0 h1000c0,0-9.9,40.9-83.6,48.1S829.6,47,766.1,28.9z\"\/>\n<\/svg>\t\t<\/div>\n\t\t\t\t\t<\/div>\n\t\t\t\t<\/div>\n\t\t<div class=\"elementor-element elementor-element-6c5fbac e-flex e-con-boxed e-con e-parent\" data-id=\"6c5fbac\" data-element_type=\"container\" data-settings=\"{&quot;shape_divider_top&quot;:&quot;mountains&quot;,&quot;shape_divider_bottom&quot;:&quot;mountains&quot;}\">\n\t\t\t\t\t<div class=\"e-con-inner\">\n\t\t\t\t<div class=\"elementor-shape elementor-shape-top\" data-negative=\"false\">\n\t\t\t<svg xmlns=\"http:\/\/www.w3.org\/2000\/svg\" viewBox=\"0 0 1000 100\" preserveAspectRatio=\"none\">\n\t<path class=\"elementor-shape-fill\" opacity=\"0.33\" d=\"M473,67.3c-203.9,88.3-263.1-34-320.3,0C66,119.1,0,59.7,0,59.7V0h1000v59.7 c0,0-62.1,26.1-94.9,29.3c-32.8,3.3-62.8-12.3-75.8-22.1C806,49.6,745.3,8.7,694.9,4.7S492.4,59,473,67.3z\"\/>\n\t<path class=\"elementor-shape-fill\" opacity=\"0.66\" d=\"M734,67.3c-45.5,0-77.2-23.2-129.1-39.1c-28.6-8.7-150.3-10.1-254,39.1 s-91.7-34.4-149.2,0C115.7,118.3,0,39.8,0,39.8V0h1000v36.5c0,0-28.2-18.5-92.1-18.5C810.2,18.1,775.7,67.3,734,67.3z\"\/>\n\t<path class=\"elementor-shape-fill\" d=\"M766.1,28.9c-200-57.5-266,65.5-395.1,19.5C242,1.8,242,5.4,184.8,20.6C128,35.8,132.3,44.9,89.9,52.5C28.6,63.7,0,0,0,0 h1000c0,0-9.9,40.9-83.6,48.1S829.6,47,766.1,28.9z\"\/>\n<\/svg>\t\t<\/div>\n\t\t\t\t<div class=\"elementor-shape elementor-shape-bottom\" data-negative=\"false\">\n\t\t\t<svg xmlns=\"http:\/\/www.w3.org\/2000\/svg\" viewBox=\"0 0 1000 100\" preserveAspectRatio=\"none\">\n\t<path class=\"elementor-shape-fill\" opacity=\"0.33\" d=\"M473,67.3c-203.9,88.3-263.1-34-320.3,0C66,119.1,0,59.7,0,59.7V0h1000v59.7 c0,0-62.1,26.1-94.9,29.3c-32.8,3.3-62.8-12.3-75.8-22.1C806,49.6,745.3,8.7,694.9,4.7S492.4,59,473,67.3z\"\/>\n\t<path class=\"elementor-shape-fill\" opacity=\"0.66\" d=\"M734,67.3c-45.5,0-77.2-23.2-129.1-39.1c-28.6-8.7-150.3-10.1-254,39.1 s-91.7-34.4-149.2,0C115.7,118.3,0,39.8,0,39.8V0h1000v36.5c0,0-28.2-18.5-92.1-18.5C810.2,18.1,775.7,67.3,734,67.3z\"\/>\n\t<path class=\"elementor-shape-fill\" d=\"M766.1,28.9c-200-57.5-266,65.5-395.1,19.5C242,1.8,242,5.4,184.8,20.6C128,35.8,132.3,44.9,89.9,52.5C28.6,63.7,0,0,0,0 h1000c0,0-9.9,40.9-83.6,48.1S829.6,47,766.1,28.9z\"\/>\n<\/svg>\t\t<\/div>\n\t\t\t\t<div class=\"elementor-element elementor-element-2bbbfdb elementor-widget elementor-widget-text-editor\" data-id=\"2bbbfdb\" data-element_type=\"widget\" data-widget_type=\"text-editor.default\">\n\t\t\t\t<div class=\"elementor-widget-container\">\n\t\t\t\t\t\t\t\t\t<p data-start=\"144\" data-end=\"488\">Passionn\u00e9e par la cuisine marocaine et h\u00e9riti\u00e8re d\u2019un savoir-faire familial, je mets tout mon c\u0153ur dans la pr\u00e9paration de plats authentiques qui rappellent la chaleur et la convivialit\u00e9 du Maroc.<\/p><p data-start=\"144\" data-end=\"488\">Chaque recette est r\u00e9alis\u00e9e avec des ingr\u00e9dients frais et de qualit\u00e9, soigneusement s\u00e9lectionn\u00e9s pour vous offrir une exp\u00e9rience gustative unique.<\/p><p data-start=\"490\" data-end=\"816\">Mon objectif est simple : partager avec vous l\u2019art culinaire marocain, fait de saveurs g\u00e9n\u00e9reuses, d\u2019\u00e9pices parfum\u00e9es et de plats qui rassemblent.<\/p><p data-start=\"490\" data-end=\"816\">Que ce soit pour un repas en petit comit\u00e9 ou un grand \u00e9v\u00e9nement, je vous accompagne avec professionnalisme et passion, afin de transformer vos moments en souvenirs inoubliables.<\/p><p data-start=\"490\" data-end=\"816\">Je vous laisse d\u00e9couvrir mes sp\u00e9cialit\u00e9s et faire votre choix pour sublimer et marquer vos \u00e9v\u00e9nements.<\/p>\t\t\t\t\t\t\t\t<\/div>\n\t\t\t\t<\/div>\n\t\t\t\t\t<\/div>\n\t\t\t\t<\/div>\n\t\t<div class=\"elementor-element elementor-element-2240b14 e-flex e-con-boxed e-con e-parent\" data-id=\"2240b14\" data-element_type=\"container\">\n\t\t\t\t\t<div class=\"e-con-inner\">\n\t\t\t\t<div class=\"elementor-element elementor-element-a71a194 elementor-align-center elementor-widget__width-inherit e-transform e-transform e-transform elementor-invisible elementor-widget elementor-widget-button\" data-id=\"a71a194\" data-element_type=\"widget\" data-settings=\"{&quot;_animation&quot;:&quot;bounceIn&quot;,&quot;_transform_rotateZ_effect&quot;:{&quot;unit&quot;:&quot;px&quot;,&quot;size&quot;:0,&quot;sizes&quot;:[]},&quot;_transform_rotate_3d&quot;:&quot;yes&quot;,&quot;_transform_perspective_effect&quot;:{&quot;unit&quot;:&quot;px&quot;,&quot;size&quot;:0,&quot;sizes&quot;:[]},&quot;_transform_skewX_effect&quot;:{&quot;unit&quot;:&quot;px&quot;,&quot;size&quot;:0,&quot;sizes&quot;:[]},&quot;_transform_scale_effect_hover&quot;:{&quot;unit&quot;:&quot;px&quot;,&quot;size&quot;:0.3,&quot;sizes&quot;:[]},&quot;_transform_rotateZ_effect_tablet&quot;:{&quot;unit&quot;:&quot;deg&quot;,&quot;size&quot;:&quot;&quot;,&quot;sizes&quot;:[]},&quot;_transform_rotateZ_effect_mobile&quot;:{&quot;unit&quot;:&quot;deg&quot;,&quot;size&quot;:&quot;&quot;,&quot;sizes&quot;:[]},&quot;_transform_rotateX_effect&quot;:{&quot;unit&quot;:&quot;px&quot;,&quot;size&quot;:&quot;&quot;,&quot;sizes&quot;:[]},&quot;_transform_rotateX_effect_tablet&quot;:{&quot;unit&quot;:&quot;deg&quot;,&quot;size&quot;:&quot;&quot;,&quot;sizes&quot;:[]},&quot;_transform_rotateX_effect_mobile&quot;:{&quot;unit&quot;:&quot;deg&quot;,&quot;size&quot;:&quot;&quot;,&quot;sizes&quot;:[]},&quot;_transform_rotateY_effect&quot;:{&quot;unit&quot;:&quot;px&quot;,&quot;size&quot;:&quot;&quot;,&quot;sizes&quot;:[]},&quot;_transform_rotateY_effect_tablet&quot;:{&quot;unit&quot;:&quot;deg&quot;,&quot;size&quot;:&quot;&quot;,&quot;sizes&quot;:[]},&quot;_transform_rotateY_effect_mobile&quot;:{&quot;unit&quot;:&quot;deg&quot;,&quot;size&quot;:&quot;&quot;,&quot;sizes&quot;:[]},&quot;_transform_perspective_effect_tablet&quot;:{&quot;unit&quot;:&quot;px&quot;,&quot;size&quot;:&quot;&quot;,&quot;sizes&quot;:[]},&quot;_transform_perspective_effect_mobile&quot;:{&quot;unit&quot;:&quot;px&quot;,&quot;size&quot;:&quot;&quot;,&quot;sizes&quot;:[]},&quot;_transform_skewX_effect_tablet&quot;:{&quot;unit&quot;:&quot;deg&quot;,&quot;size&quot;:&quot;&quot;,&quot;sizes&quot;:[]},&quot;_transform_skewX_effect_mobile&quot;:{&quot;unit&quot;:&quot;deg&quot;,&quot;size&quot;:&quot;&quot;,&quot;sizes&quot;:[]},&quot;_transform_skewY_effect&quot;:{&quot;unit&quot;:&quot;px&quot;,&quot;size&quot;:&quot;&quot;,&quot;sizes&quot;:[]},&quot;_transform_skewY_effect_tablet&quot;:{&quot;unit&quot;:&quot;deg&quot;,&quot;size&quot;:&quot;&quot;,&quot;sizes&quot;:[]},&quot;_transform_skewY_effect_mobile&quot;:{&quot;unit&quot;:&quot;deg&quot;,&quot;size&quot;:&quot;&quot;,&quot;sizes&quot;:[]},&quot;_transform_scale_effect_hover_tablet&quot;:{&quot;unit&quot;:&quot;px&quot;,&quot;size&quot;:&quot;&quot;,&quot;sizes&quot;:[]},&quot;_transform_scale_effect_hover_mobile&quot;:{&quot;unit&quot;:&quot;px&quot;,&quot;size&quot;:&quot;&quot;,&quot;sizes&quot;:[]}}\" data-widget_type=\"button.default\">\n\t\t\t\t<div class=\"elementor-widget-container\">\n\t\t\t\t\t\t\t\t\t<div class=\"elementor-button-wrapper\">\n\t\t\t\t\t<a class=\"elementor-button elementor-button-link elementor-size-sm\" href=\"https:\/\/lessaveursdezohra.fr\/?page_id=2\">\n\t\t\t\t\t\t<span class=\"elementor-button-content-wrapper\">\n\t\t\t\t\t\t\t\t\t<span class=\"elementor-button-text\">Demandez un devis<\/span>\n\t\t\t\t\t<\/span>\n\t\t\t\t\t<\/a>\n\t\t\t\t<\/div>\n\t\t\t\t\t\t\t\t<\/div>\n\t\t\t\t<\/div>\n\t\t\t\t\t<\/div>\n\t\t\t\t<\/div>\n\t\t<div class=\"elementor-element elementor-element-cbdb7c7 e-flex e-con-boxed e-con e-parent\" data-id=\"cbdb7c7\" data-element_type=\"container\">\n\t\t\t\t\t<div class=\"e-con-inner\">\n\t\t\t\t<div class=\"elementor-element elementor-element-84a1706 elementor-widget elementor-widget-spacer\" data-id=\"84a1706\" data-element_type=\"widget\" data-widget_type=\"spacer.default\">\n\t\t\t\t<div class=\"elementor-widget-container\">\n\t\t\t\t\t\t\t<div class=\"elementor-spacer\">\n\t\t\t<div class=\"elementor-spacer-inner\"><\/div>\n\t\t<\/div>\n\t\t\t\t\t\t<\/div>\n\t\t\t\t<\/div>\n\t\t\t\t\t<\/div>\n\t\t\t\t<\/div>\n\t\t\t\t<\/div>\n\t\t","protected":false},"excerpt":{"rendered":"<p>Passionn\u00e9e par la cuisine marocaine et h\u00e9riti\u00e8re d\u2019un savoir-faire familial, je mets tout mon c\u0153ur dans la pr\u00e9paration de plats authentiques qui rappellent la chaleur et la convivialit\u00e9 du Maroc. Chaque recette est r\u00e9alis\u00e9e avec des ingr\u00e9dients frais et de qualit\u00e9, soigneusement s\u00e9lectionn\u00e9s pour vous offrir une exp\u00e9rience gustative unique. Mon objectif est simple : [&hellip;]<\/p>\n","protected":false},"author":1,"featured_media":0,"parent":0,"menu_order":0,"comment_status":"closed","ping_status":"closed","template":"","meta":{"footnotes":""},"class_list":["post-46","page","type-page","status-publish","hentry"],"yoast_head":"<!-- This site is optimized with the Yoast SEO plugin v24.9 - https:\/\/yoast.com\/wordpress\/plugins\/seo\/ -->\n<title>Qui sommes nous - LES SAVEURS DE ZOHRA<\/title>\n<meta name=\"robots\" content=\"index, follow, max-snippet:-1, max-image-preview:large, max-video-preview:-1\" \/>\n<link rel=\"canonical\" href=\"https:\/\/lessaveursdezohra.fr\/?page_id=46\" \/>\n<meta property=\"og:locale\" content=\"fr_FR\" \/>\n<meta property=\"og:type\" content=\"article\" \/>\n<meta property=\"og:title\" content=\"Qui sommes nous - LES SAVEURS DE ZOHRA\" \/>\n<meta property=\"og:description\" content=\"Passionn\u00e9e par la cuisine marocaine et h\u00e9riti\u00e8re d\u2019un savoir-faire familial, je mets tout mon c\u0153ur dans la pr\u00e9paration de plats authentiques qui rappellent la chaleur et la convivialit\u00e9 du Maroc. Chaque recette est r\u00e9alis\u00e9e avec des ingr\u00e9dients frais et de qualit\u00e9, soigneusement s\u00e9lectionn\u00e9s pour vous offrir une exp\u00e9rience gustative unique. Mon objectif est simple : [&hellip;]\" \/>\n<meta property=\"og:url\" content=\"https:\/\/lessaveursdezohra.fr\/?page_id=46\" \/>\n<meta property=\"og:site_name\" content=\"LES SAVEURS DE ZOHRA\" \/>\n<meta property=\"article:modified_time\" content=\"2026-02-04T08:34:00+00:00\" \/>\n<meta name=\"twitter:card\" content=\"summary_large_image\" \/>\n<meta name=\"twitter:label1\" content=\"Dur\u00e9e de lecture estim\u00e9e\" \/>\n\t<meta name=\"twitter:data1\" content=\"1 minute\" \/>\n<script type=\"application\/ld+json\" class=\"yoast-schema-graph\">{\"@context\":\"https:\/\/schema.org\",\"@graph\":[{\"@type\":\"WebPage\",\"@id\":\"https:\/\/lessaveursdezohra.fr\/?page_id=46\",\"url\":\"https:\/\/lessaveursdezohra.fr\/?page_id=46\",\"name\":\"Qui sommes nous - LES SAVEURS DE ZOHRA\",\"isPartOf\":{\"@id\":\"https:\/\/lessaveursdezohra.fr\/#website\"},\"datePublished\":\"2025-05-13T22:14:51+00:00\",\"dateModified\":\"2026-02-04T08:34:00+00:00\",\"breadcrumb\":{\"@id\":\"https:\/\/lessaveursdezohra.fr\/?page_id=46#breadcrumb\"},\"inLanguage\":\"fr-FR\",\"potentialAction\":[{\"@type\":\"ReadAction\",\"target\":[\"https:\/\/lessaveursdezohra.fr\/?page_id=46\"]}]},{\"@type\":\"BreadcrumbList\",\"@id\":\"https:\/\/lessaveursdezohra.fr\/?page_id=46#breadcrumb\",\"itemListElement\":[{\"@type\":\"ListItem\",\"position\":1,\"name\":\"Accueil\",\"item\":\"https:\/\/lessaveursdezohra.fr\/\"},{\"@type\":\"ListItem\",\"position\":2,\"name\":\"Qui sommes nous\"}]},{\"@type\":\"WebSite\",\"@id\":\"https:\/\/lessaveursdezohra.fr\/#website\",\"url\":\"https:\/\/lessaveursdezohra.fr\/\",\"name\":\"LES SAVEURS DE ZOHRA\",\"description\":\"\",\"publisher\":{\"@id\":\"https:\/\/lessaveursdezohra.fr\/#organization\"},\"potentialAction\":[{\"@type\":\"SearchAction\",\"target\":{\"@type\":\"EntryPoint\",\"urlTemplate\":\"https:\/\/lessaveursdezohra.fr\/?s={search_term_string}\"},\"query-input\":{\"@type\":\"PropertyValueSpecification\",\"valueRequired\":true,\"valueName\":\"search_term_string\"}}],\"inLanguage\":\"fr-FR\"},{\"@type\":\"Organization\",\"@id\":\"https:\/\/lessaveursdezohra.fr\/#organization\",\"name\":\"LES SAVEURS DE ZOHRA\",\"url\":\"https:\/\/lessaveursdezohra.fr\/\",\"logo\":{\"@type\":\"ImageObject\",\"inLanguage\":\"fr-FR\",\"@id\":\"https:\/\/lessaveursdezohra.fr\/#\/schema\/logo\/image\/\",\"url\":\"https:\/\/lessaveursdezohra.fr\/wp-content\/uploads\/2026\/02\/cropped-cropped-cropped-L-1.png\",\"contentUrl\":\"https:\/\/lessaveursdezohra.fr\/wp-content\/uploads\/2026\/02\/cropped-cropped-cropped-L-1.png\",\"width\":512,\"height\":512,\"caption\":\"LES SAVEURS DE ZOHRA\"},\"image\":{\"@id\":\"https:\/\/lessaveursdezohra.fr\/#\/schema\/logo\/image\/\"}}]}<\/script>\n<!-- \/ Yoast SEO plugin. -->","yoast_head_json":{"title":"Qui sommes nous - LES SAVEURS DE ZOHRA","robots":{"index":"index","follow":"follow","max-snippet":"max-snippet:-1","max-image-preview":"max-image-preview:large","max-video-preview":"max-video-preview:-1"},"canonical":"https:\/\/lessaveursdezohra.fr\/?page_id=46","og_locale":"fr_FR","og_type":"article","og_title":"Qui sommes nous - LES SAVEURS DE ZOHRA","og_description":"Passionn\u00e9e par la cuisine marocaine et h\u00e9riti\u00e8re d\u2019un savoir-faire familial, je mets tout mon c\u0153ur dans la pr\u00e9paration de plats authentiques qui rappellent la chaleur et la convivialit\u00e9 du Maroc. Chaque recette est r\u00e9alis\u00e9e avec des ingr\u00e9dients frais et de qualit\u00e9, soigneusement s\u00e9lectionn\u00e9s pour vous offrir une exp\u00e9rience gustative unique. Mon objectif est simple : [&hellip;]","og_url":"https:\/\/lessaveursdezohra.fr\/?page_id=46","og_site_name":"LES SAVEURS DE ZOHRA","article_modified_time":"2026-02-04T08:34:00+00:00","twitter_card":"summary_large_image","twitter_misc":{"Dur\u00e9e de lecture estim\u00e9e":"1 minute"},"schema":{"@context":"https:\/\/schema.org","@graph":[{"@type":"WebPage","@id":"https:\/\/lessaveursdezohra.fr\/?page_id=46","url":"https:\/\/lessaveursdezohra.fr\/?page_id=46","name":"Qui sommes nous - LES SAVEURS DE ZOHRA","isPartOf":{"@id":"https:\/\/lessaveursdezohra.fr\/#website"},"datePublished":"2025-05-13T22:14:51+00:00","dateModified":"2026-02-04T08:34:00+00:00","breadcrumb":{"@id":"https:\/\/lessaveursdezohra.fr\/?page_id=46#breadcrumb"},"inLanguage":"fr-FR","potentialAction":[{"@type":"ReadAction","target":["https:\/\/lessaveursdezohra.fr\/?page_id=46"]}]},{"@type":"BreadcrumbList","@id":"https:\/\/lessaveursdezohra.fr\/?page_id=46#breadcrumb","itemListElement":[{"@type":"ListItem","position":1,"name":"Accueil","item":"https:\/\/lessaveursdezohra.fr\/"},{"@type":"ListItem","position":2,"name":"Qui sommes nous"}]},{"@type":"WebSite","@id":"https:\/\/lessaveursdezohra.fr\/#website","url":"https:\/\/lessaveursdezohra.fr\/","name":"LES SAVEURS DE ZOHRA","description":"","publisher":{"@id":"https:\/\/lessaveursdezohra.fr\/#organization"},"potentialAction":[{"@type":"SearchAction","target":{"@type":"EntryPoint","urlTemplate":"https:\/\/lessaveursdezohra.fr\/?s={search_term_string}"},"query-input":{"@type":"PropertyValueSpecification","valueRequired":true,"valueName":"search_term_string"}}],"inLanguage":"fr-FR"},{"@type":"Organization","@id":"https:\/\/lessaveursdezohra.fr\/#organization","name":"LES SAVEURS DE ZOHRA","url":"https:\/\/lessaveursdezohra.fr\/","logo":{"@type":"ImageObject","inLanguage":"fr-FR","@id":"https:\/\/lessaveursdezohra.fr\/#\/schema\/logo\/image\/","url":"https:\/\/lessaveursdezohra.fr\/wp-content\/uploads\/2026\/02\/cropped-cropped-cropped-L-1.png","contentUrl":"https:\/\/lessaveursdezohra.fr\/wp-content\/uploads\/2026\/02\/cropped-cropped-cropped-L-1.png","width":512,"height":512,"caption":"LES SAVEURS DE ZOHRA"},"image":{"@id":"https:\/\/lessaveursdezohra.fr\/#\/schema\/logo\/image\/"}}]}},"_links":{"self":[{"href":"https:\/\/lessaveursdezohra.fr\/index.php?rest_route=\/wp\/v2\/pages\/46","targetHints":{"allow":["GET"]}}],"collection":[{"href":"https:\/\/lessaveursdezohra.fr\/index.php?rest_route=\/wp\/v2\/pages"}],"about":[{"href":"https:\/\/lessaveursdezohra.fr\/index.php?rest_route=\/wp\/v2\/types\/page"}],"author":[{"embeddable":true,"href":"https:\/\/lessaveursdezohra.fr\/index.php?rest_route=\/wp\/v2\/users\/1"}],"replies":[{"embeddable":true,"href":"https:\/\/lessaveursdezohra.fr\/index.php?rest_route=%2Fwp%2Fv2%2Fcomments&post=46"}],"version-history":[{"count":74,"href":"https:\/\/lessaveursdezohra.fr\/index.php?rest_route=\/wp\/v2\/pages\/46\/revisions"}],"predecessor-version":[{"id":813,"href":"https:\/\/lessaveursdezohra.fr\/index.php?rest_route=\/wp\/v2\/pages\/46\/revisions\/813"}],"wp:attachment":[{"href":"https:\/\/lessaveursdezohra.fr\/index.php?rest_route=%2Fwp%2Fv2%2Fmedia&parent=46"}],"curies":[{"name":"wp","href":"https:\/\/api.w.org\/{rel}","templated":true}]}}